{"id":31,"date":"2019-08-26T19:23:46","date_gmt":"2019-08-27T00:23:46","guid":{"rendered":"https:\/\/marga.mx\/?page_id=31"},"modified":"2023-11-16T11:09:27","modified_gmt":"2023-11-16T16:09:27","slug":"sucursales","status":"publish","type":"page","link":"https:\/\/marga.mx\/en\/sucursales\/","title":{"rendered":"Branches"},"content":{"rendered":"<p>[et_pb_section bb_built=&#8221;1&#8243; _builder_version=&#8221;4.4.6&#8243; background_color=&#8221;#353531&#8243; da_disable_devices=&#8221;off|off|off&#8221; da_is_popup=&#8221;off&#8221; da_exit_intent=&#8221;off&#8221; da_has_close=&#8221;on&#8221; da_alt_close=&#8221;off&#8221; da_dark_close=&#8221;off&#8221; da_not_modal=&#8221;on&#8221; da_is_singular=&#8221;off&#8221; da_with_loader=&#8221;off&#8221; da_has_shadow=&#8221;on&#8221;][et_pb_row _builder_version=&#8221;4.5.3&#8243; height_phone=&#8221;100vh&#8221; height_last_edited=&#8221;on|phone&#8221;][et_pb_column type=&#8221;4_4&#8243; _builder_version=&#8221;4.0.3&#8243;][et_pb_code _builder_version=&#8221;4.0.3&#8243; custom_css_main_element=&#8221;color: #f6ae2d;||font-size: 48px;&#8221;]<i class=\"fas fa-location-arrow\"><\/i>[\/et_pb_code][et_pb_text _builder_version=&#8221;4.5.3&#8243; header_3_font=&#8221;Lato||||||||&#8221; header_3_font_size=&#8221;60px&#8221; header_3_line_height=&#8221;1.2em&#8221; background_layout=&#8221;dark&#8221; header_3_font_size_phone=&#8221;48px&#8221; header_3_font_size_last_edited=&#8221;on|phone&#8221;]<\/p>\n<h3>Our Branches<\/h3>\n<p>[\/et_pb_text][\/et_pb_column][\/et_pb_row][et_pb_row column_structure=&#8221;1_3,1_3,1_3&#8243; module_id=&#8221;ver-mas&#8221; _builder_version=&#8221;4.5.3&#8243;][et_pb_column type=&#8221;1_3&#8243; _builder_version=&#8221;4.0.3&#8243;][et_pb_blurb _builder_version=&#8221;4.5.3&#8243; header_font=&#8221;|600|||||||&#8221; header_line_height=&#8221;1.2em&#8221; body_line_height=&#8221;2em&#8221; body_link_text_color=&#8221;#ffffff&#8221; background_layout=&#8221;dark&#8221; max_width_tablet=&#8221;50%&#8221; max_width_phone=&#8221;80%&#8221; max_width_last_edited=&#8221;on|phone&#8221; custom_margin=&#8221;||0px||false|false&#8221; body_font_size_phone=&#8221;16px&#8221; body_font_size_last_edited=&#8221;on|phone&#8221; body_link_text_color__hover_enabled=&#8221;off|hover&#8221; body_link_text_color__hover=&#8221;#f6ae2d&#8221;]<\/p>\n<p><i class=\"fas fa-map-marker-alt\"><\/i> Tamemes No. 52, Col. Paseos de Churubusco, Del. Iztapalapa, Ciudad de M\u00e9xico, C.P. 09040<\/p>\n<p>[\/et_pb_blurb][et_pb_blurb _builder_version=&#8221;4.0.3&#8243; header_font=&#8221;|600|||||||&#8221; header_line_height=&#8221;1.2em&#8221; body_line_height=&#8221;2em&#8221; body_link_text_color=&#8221;#ffffff&#8221; background_layout=&#8221;dark&#8221; max_width_tablet=&#8221;50%&#8221; max_width_phone=&#8221;80%&#8221; max_width_last_edited=&#8221;on|phone&#8221; custom_margin=&#8221;||0px||false|false&#8221; body_font_size_phone=&#8221;16px&#8221; body_font_size_last_edited=&#8221;on|phone&#8221; body_link_text_color__hover=&#8221;#f6ae2d&#8221; body_link_text_color__hover_enabled=&#8221;on|hover&#8221; content__hover_enabled=&#8221;off|hover&#8221;]<\/p>\n<p><i class=\"fas fa-phone\"><\/i> <a href=\"tel: 52-55-5694-7511\">56 94 75 11<\/a> | <a href=\"tel: 52-55-5694-0488\">56 94 04 88<\/a><\/p>\n<p>[\/et_pb_blurb][et_pb_blurb _builder_version=&#8221;4.0.3&#8243; header_font=&#8221;|600|||||||&#8221; header_line_height=&#8221;1.2em&#8221; body_line_height=&#8221;2em&#8221; body_link_text_color=&#8221;#ffffff&#8221; background_layout=&#8221;dark&#8221; max_width_tablet=&#8221;50%&#8221; max_width_phone=&#8221;80%&#8221; max_width_last_edited=&#8221;on|phone&#8221; custom_margin=&#8221;||0px||false|false&#8221; body_font_size_phone=&#8221;16px&#8221; body_font_size_last_edited=&#8221;on|phone&#8221; body_link_text_color__hover=&#8221;#f6ae2d&#8221; body_link_text_color__hover_enabled=&#8221;on|hover&#8221; content__hover_enabled=&#8221;off|hover&#8221;]<\/p>\n<p><i class=\"fas fa-envelope\"><\/i> <a href=\"mailto:contacto@marga.mx\" target=\"_blank\" rel=\"noopener noreferrer\">contacto@marga.mx<\/a><\/p>\n<p>[\/et_pb_blurb][\/et_pb_column][et_pb_column type=&#8221;1_3&#8243; _builder_version=&#8221;4.0.3&#8243;][et_pb_blurb _builder_version=&#8221;4.0.3&#8243; header_font=&#8221;|600|||||||&#8221; header_line_height=&#8221;1.2em&#8221; body_line_height=&#8221;2em&#8221; body_link_text_color=&#8221;#ffffff&#8221; background_layout=&#8221;dark&#8221; max_width_tablet=&#8221;50%&#8221; max_width_phone=&#8221;80%&#8221; max_width_last_edited=&#8221;on|phone&#8221; custom_margin=&#8221;||0px||false|false&#8221; body_font_size_phone=&#8221;16px&#8221; body_font_size_last_edited=&#8221;on|phone&#8221; body_link_text_color__hover_enabled=&#8221;off|hover&#8221; body_link_text_color__hover=&#8221;#f6ae2d&#8221;]<\/p>\n<p><i class=\"fas fa-map-marker-alt\"><\/i>\u00a0Zona1, Secc. 1, Nave 1, Bodega G-15,<br \/> Col. Central de Abasto, Del. Iztapalapa,<br \/> Ciudad de M\u00e9xico, C.P. 09040<\/p>\n<p>[\/et_pb_blurb][et_pb_blurb _builder_version=&#8221;4.0.3&#8243; header_font=&#8221;|600|||||||&#8221; header_line_height=&#8221;1.2em&#8221; body_line_height=&#8221;2em&#8221; body_link_text_color=&#8221;#ffffff&#8221; background_layout=&#8221;dark&#8221; max_width_tablet=&#8221;50%&#8221; max_width_phone=&#8221;80%&#8221; max_width_last_edited=&#8221;on|phone&#8221; custom_margin=&#8221;||0px||false|false&#8221; body_font_size_phone=&#8221;16px&#8221; body_font_size_last_edited=&#8221;on|phone&#8221; body_link_text_color__hover=&#8221;#f6ae2d&#8221; body_link_text_color__hover_enabled=&#8221;on|hover&#8221;]<\/p>\n<p><i class=\"fas fa-phone\"><\/i> <a href=\"tel: 52-55-5694-0647\">56 94 06 47<\/a> | <a href=\"tel: 52-55-5600-4098\">56 00 40 98<\/a><\/p>\n<p>[\/et_pb_blurb][et_pb_blurb _builder_version=&#8221;4.0.3&#8243; header_font=&#8221;|600|||||||&#8221; header_line_height=&#8221;1.2em&#8221; body_line_height=&#8221;2em&#8221; body_link_text_color=&#8221;#ffffff&#8221; background_layout=&#8221;dark&#8221; max_width_tablet=&#8221;50%&#8221; max_width_phone=&#8221;80%&#8221; max_width_last_edited=&#8221;on|phone&#8221; custom_margin=&#8221;||0px||false|false&#8221; body_font_size_phone=&#8221;16px&#8221; body_font_size_last_edited=&#8221;on|phone&#8221; body_link_text_color__hover=&#8221;#f6ae2d&#8221; body_link_text_color__hover_enabled=&#8221;on|hover&#8221;]<\/p>\n<p><i class=\"fas fa-envelope\"><\/i> <a href=\"mailto:jcastillo@marga.mx\" target=\"_blank\" rel=\"noopener noreferrer\">jcastillo@marga.mx<\/a><\/p>\n<p>[\/et_pb_blurb][\/et_pb_column][et_pb_column type=&#8221;1_3&#8243; _builder_version=&#8221;4.0.3&#8243;][et_pb_blurb _builder_version=&#8221;4.0.3&#8243; header_font=&#8221;|600|||||||&#8221; header_line_height=&#8221;1.2em&#8221; body_line_height=&#8221;2em&#8221; body_link_text_color=&#8221;#ffffff&#8221; background_layout=&#8221;dark&#8221; max_width_tablet=&#8221;50%&#8221; max_width_phone=&#8221;80%&#8221; max_width_last_edited=&#8221;on|phone&#8221; custom_margin=&#8221;||0px||false|false&#8221; body_font_size_phone=&#8221;16px&#8221; body_font_size_last_edited=&#8221;on|phone&#8221; body_link_text_color__hover_enabled=&#8221;off|hover&#8221; body_link_text_color__hover=&#8221;#f6ae2d&#8221;]<\/p>\n<p><i class=\"fas fa-map-marker-alt\"><\/i>\u00a0Natalio Vazquez Pallares, # Ext.367, # Int.2,<br \/> Col. El\u00edas Perez Avalos, Morelia, Michoac\u00e1n, M\u00e9xico, C.P. 58218<\/p>\n<p>[\/et_pb_blurb][et_pb_blurb _builder_version=&#8221;4.0.3&#8243; header_font=&#8221;|600|||||||&#8221; header_line_height=&#8221;1.2em&#8221; body_line_height=&#8221;2em&#8221; body_link_text_color=&#8221;#ffffff&#8221; background_layout=&#8221;dark&#8221; max_width_tablet=&#8221;50%&#8221; max_width_phone=&#8221;80%&#8221; max_width_last_edited=&#8221;on|phone&#8221; custom_margin=&#8221;||0px||false|false&#8221; body_font_size_phone=&#8221;16px&#8221; body_font_size_last_edited=&#8221;on|phone&#8221; body_link_text_color__hover=&#8221;#f6ae2d&#8221; body_link_text_color__hover_enabled=&#8221;on|hover&#8221;]<\/p>\n<p><i class=\"fas fa-phone\"><\/i> <a href=\"tel: 52-443-333-6519\">443 333 6519<\/a><\/p>\n<p>[\/et_pb_blurb][et_pb_blurb _builder_version=&#8221;4.0.3&#8243; header_font=&#8221;|600|||||||&#8221; header_line_height=&#8221;1.2em&#8221; body_line_height=&#8221;2em&#8221; body_link_text_color=&#8221;#ffffff&#8221; background_layout=&#8221;dark&#8221; max_width_tablet=&#8221;50%&#8221; max_width_phone=&#8221;80%&#8221; max_width_last_edited=&#8221;on|phone&#8221; custom_margin=&#8221;||0px||false|false&#8221; body_font_size_phone=&#8221;16px&#8221; body_font_size_last_edited=&#8221;on|phone&#8221; body_link_text_color__hover=&#8221;#f6ae2d&#8221; body_link_text_color__hover_enabled=&#8221;on|hover&#8221;]<\/p>\n<p><i class=\"fas fa-envelope\"><\/i> <a href=\"mailto:clubdemarcas@hotmail.com\" target=\"_blank\" rel=\"noopener noreferrer\">clubdemarcas@hotmail.com<\/a><\/p>\n<p>[\/et_pb_blurb][\/et_pb_column][\/et_pb_row][et_pb_row column_structure=&#8221;1_3,1_3,1_3&#8243; custom_padding_last_edited=&#8221;on|tablet&#8221; _builder_version=&#8221;4.4.4&#8243; custom_padding_tablet=&#8221;0px||||false|false&#8221;][et_pb_column type=&#8221;1_3&#8243; _builder_version=&#8221;4.0.3&#8243;][et_pb_blurb _builder_version=&#8221;4.5.3&#8243; header_font=&#8221;|600|||||||&#8221; header_line_height=&#8221;1.2em&#8221; body_line_height=&#8221;2em&#8221; body_link_text_color=&#8221;#ffffff&#8221; background_layout=&#8221;dark&#8221; max_width_tablet=&#8221;50%&#8221; max_width_phone=&#8221;80%&#8221; max_width_last_edited=&#8221;on|phone&#8221; custom_margin=&#8221;||0px||false|false&#8221; body_font_size_phone=&#8221;16px&#8221; body_font_size_last_edited=&#8221;on|phone&#8221; body_link_text_color__hover_enabled=&#8221;off|hover&#8221; body_link_text_color__hover=&#8221;#f6ae2d&#8221;]<\/p>\n<p><i class=\"fas fa-map-marker-alt\"><\/i> Avenida De Las Torres, # Ext. 350, # Int. 24,<br \/> Col. Patria Nueva, Tuxtla Gutierrez,<br \/> Chiapas, M\u00e9xico, C.P. 29045<\/p>\n<p>[\/et_pb_blurb][et_pb_blurb _builder_version=&#8221;4.0.3&#8243; header_font=&#8221;|600|||||||&#8221; header_line_height=&#8221;1.2em&#8221; body_line_height=&#8221;2em&#8221; body_link_text_color=&#8221;#ffffff&#8221; background_layout=&#8221;dark&#8221; max_width_tablet=&#8221;50%&#8221; max_width_phone=&#8221;80%&#8221; max_width_last_edited=&#8221;on|phone&#8221; custom_margin=&#8221;||0px||false|false&#8221; body_font_size_phone=&#8221;16px&#8221; body_font_size_last_edited=&#8221;on|phone&#8221; body_link_text_color__hover=&#8221;#f6ae2d&#8221; body_link_text_color__hover_enabled=&#8221;on|hover&#8221;]<\/p>\n<p><i class=\"fas fa-phone\"><\/i> <a href=\"tel: 52-961-121-3577\">961 121 3577<\/a><\/p>\n<p>[\/et_pb_blurb][et_pb_blurb _builder_version=&#8221;4.0.3&#8243; header_font=&#8221;|600|||||||&#8221; header_line_height=&#8221;1.2em&#8221; body_line_height=&#8221;2em&#8221; body_link_text_color=&#8221;#ffffff&#8221; background_layout=&#8221;dark&#8221; max_width_tablet=&#8221;50%&#8221; max_width_phone=&#8221;80%&#8221; max_width_last_edited=&#8221;on|phone&#8221; custom_margin=&#8221;||0px||false|false&#8221; body_font_size_phone=&#8221;16px&#8221; body_font_size_last_edited=&#8221;on|phone&#8221; body_link_text_color__hover=&#8221;#f6ae2d&#8221; body_link_text_color__hover_enabled=&#8221;on|hover&#8221;]<\/p>\n<p><i class=\"fas fa-envelope\"><\/i> <a href=\"mailto:administracion@alchisa.com.mx\" target=\"_blank\" rel=\"noopener noreferrer\">administracion@alchisa.com.mx<\/a><\/p>\n<p>[\/et_pb_blurb][\/et_pb_column][et_pb_column type=&#8221;1_3&#8243; _builder_version=&#8221;4.0.3&#8243;][et_pb_blurb _builder_version=&#8221;4.0.3&#8243; header_font=&#8221;|600|||||||&#8221; header_line_height=&#8221;1.2em&#8221; body_line_height=&#8221;2em&#8221; body_link_text_color=&#8221;#ffffff&#8221; background_layout=&#8221;dark&#8221; max_width_tablet=&#8221;50%&#8221; max_width_phone=&#8221;80%&#8221; max_width_last_edited=&#8221;on|phone&#8221; custom_margin=&#8221;||0px||false|false&#8221; body_font_size_phone=&#8221;16px&#8221; body_font_size_last_edited=&#8221;on|phone&#8221; body_link_text_color__hover_enabled=&#8221;off|hover&#8221; body_link_text_color__hover=&#8221;#f6ae2d&#8221;]<\/p>\n<p><i class=\"fas fa-map-marker-alt\">\u00a0<\/i>Cerrada del Cobre, No. 2, Ciudad Industrial, Villahermosa, Tabasco, M\u00e9xico, C.P. 86010<\/p>\n<p>[\/et_pb_blurb][et_pb_blurb _builder_version=&#8221;4.0.3&#8243; header_font=&#8221;|600|||||||&#8221; header_line_height=&#8221;1.2em&#8221; body_line_height=&#8221;2em&#8221; body_link_text_color=&#8221;#ffffff&#8221; background_layout=&#8221;dark&#8221; max_width_tablet=&#8221;50%&#8221; max_width_phone=&#8221;80%&#8221; max_width_last_edited=&#8221;on|phone&#8221; custom_margin=&#8221;||0px||false|false&#8221; body_font_size_phone=&#8221;16px&#8221; body_font_size_last_edited=&#8221;on|phone&#8221; body_link_text_color__hover=&#8221;#f6ae2d&#8221; body_link_text_color__hover_enabled=&#8221;on|hover&#8221;]<\/p>\n<p><i class=\"fas fa-phone\"><\/i> <a href=\"tel: 52-993-140-6562\">993 140 6562<\/a><\/p>\n<p>[\/et_pb_blurb][et_pb_blurb _builder_version=&#8221;4.0.3&#8243; header_font=&#8221;|600|||||||&#8221; header_line_height=&#8221;1.2em&#8221; body_line_height=&#8221;2em&#8221; body_link_text_color=&#8221;#ffffff&#8221; background_layout=&#8221;dark&#8221; max_width_tablet=&#8221;50%&#8221; max_width_phone=&#8221;80%&#8221; max_width_last_edited=&#8221;on|phone&#8221; custom_margin=&#8221;||0px||false|false&#8221; body_font_size_phone=&#8221;16px&#8221; body_font_size_last_edited=&#8221;on|phone&#8221; body_link_text_color__hover=&#8221;#f6ae2d&#8221; body_link_text_color__hover_enabled=&#8221;on|hover&#8221;]<\/p>\n<p><i class=\"fas fa-envelope\"><\/i> <a href=\"mailto:administracion@alchisa.com.mx\" target=\"_blank\" rel=\"noopener noreferrer\">administracion@alchisa.com.mx<\/a><\/p>\n<p>[\/et_pb_blurb][\/et_pb_column][et_pb_column type=&#8221;1_3&#8243; _builder_version=&#8221;4.0.3&#8243;][et_pb_blurb _builder_version=&#8221;4.0.3&#8243; header_font=&#8221;|600|||||||&#8221; header_line_height=&#8221;1.2em&#8221; body_line_height=&#8221;2em&#8221; body_link_text_color=&#8221;#ffffff&#8221; background_layout=&#8221;dark&#8221; max_width_tablet=&#8221;50%&#8221; max_width_phone=&#8221;80%&#8221; max_width_last_edited=&#8221;on|phone&#8221; custom_margin=&#8221;||0px||false|false&#8221; body_font_size_phone=&#8221;16px&#8221; body_font_size_last_edited=&#8221;on|phone&#8221; body_link_text_color__hover_enabled=&#8221;off|hover&#8221; body_link_text_color__hover=&#8221;#f6ae2d&#8221;]<\/p>\n<p><i class=\"fas fa-map-marker-alt\">\u00a0<\/i>Coyul, No. 2580, Comercial Abastos, Guadalajara Jalisco, M\u00e9xico, C.P. 44530<\/p>\n<p>[\/et_pb_blurb][et_pb_blurb _builder_version=&#8221;4.0.3&#8243; header_font=&#8221;|600|||||||&#8221; header_line_height=&#8221;1.2em&#8221; body_line_height=&#8221;2em&#8221; body_link_text_color=&#8221;#ffffff&#8221; background_layout=&#8221;dark&#8221; max_width_tablet=&#8221;50%&#8221; max_width_phone=&#8221;80%&#8221; max_width_last_edited=&#8221;on|phone&#8221; custom_margin=&#8221;||0px||false|false&#8221; body_font_size_phone=&#8221;16px&#8221; body_font_size_last_edited=&#8221;on|phone&#8221; body_link_text_color__hover=&#8221;#f6ae2d&#8221; body_link_text_color__hover_enabled=&#8221;on|hover&#8221;]<\/p>\n<p><i class=\"fas fa-phone\"><\/i> <a href=\"tel: 52-33-2712-4563\">33 2712 4563<\/a> | <a href=\"tel: 52-33-2712-4564\">33 2712 4564<\/a><\/p>\n<p>[\/et_pb_blurb][et_pb_blurb _builder_version=&#8221;4.0.3&#8243; header_font=&#8221;|600|||||||&#8221; header_line_height=&#8221;1.2em&#8221; body_line_height=&#8221;2em&#8221; body_link_text_color=&#8221;#ffffff&#8221; background_layout=&#8221;dark&#8221; max_width_tablet=&#8221;50%&#8221; max_width_phone=&#8221;80%&#8221; max_width_last_edited=&#8221;on|phone&#8221; custom_margin=&#8221;||0px||false|false&#8221; body_font_size_phone=&#8221;16px&#8221; body_font_size_last_edited=&#8221;on|phone&#8221; body_link_text_color__hover=&#8221;#f6ae2d&#8221; body_link_text_color__hover_enabled=&#8221;on|hover&#8221;]<\/p>\n<p><i class=\"fas fa-envelope\"><\/i> <a href=\"mailto:tapalpa.direccion@gmail.com\" target=\"_blank\" rel=\"noopener noreferrer\">tapalpa.direccion@gmail.com<\/a><\/p>\n<p>[\/et_pb_blurb][\/et_pb_column][\/et_pb_row][\/et_pb_section]<\/p>","protected":false},"excerpt":{"rendered":"<p>[et_pb_section bb_built=&#8221;1&#8243; _builder_version=&#8221;4.4.6&#8243; background_color=&#8221;#353531&#8243; da_disable_devices=&#8221;off|off|off&#8221; da_is_popup=&#8221;off&#8221; da_exit_intent=&#8221;off&#8221; da_has_close=&#8221;on&#8221; da_alt_close=&#8221;off&#8221; da_dark_close=&#8221;off&#8221; da_not_modal=&#8221;on&#8221; da_is_singular=&#8221;off&#8221; da_with_loader=&#8221;off&#8221; da_has_shadow=&#8221;on&#8221;][et_pb_row _builder_version=&#8221;4.5.3&#8243; height_phone=&#8221;100vh&#8221; height_last_edited=&#8221;on|phone&#8221;][et_pb_column type=&#8221;4_4&#8243; _builder_version=&#8221;4.0.3&#8243;][et_pb_code _builder_version=&#8221;4.0.3&#8243; custom_css_main_element=&#8221;color: #f6ae2d;||font-size: 48px;&#8221;][\/et_pb_code][et_pb_text _builder_version=&#8221;4.5.3&#8243; header_3_font=&#8221;Lato||||||||&#8221; header_3_font_size=&#8221;60px&#8221; header_3_line_height=&#8221;1.2em&#8221; background_layout=&#8221;dark&#8221; header_3_font_size_phone=&#8221;48px&#8221; header_3_font_size_last_edited=&#8221;on|phone&#8221;] Nuestras Sucursales [\/et_pb_text][\/et_pb_column][\/et_pb_row][et_pb_row column_structure=&#8221;1_3,1_3,1_3&#8243; module_id=&#8221;ver-mas&#8221; _builder_version=&#8221;4.5.3&#8243;][et_pb_column type=&#8221;1_3&#8243; _builder_version=&#8221;4.0.3&#8243;][et_pb_blurb _builder_version=&#8221;4.5.3&#8243; header_font=&#8221;|600|||||||&#8221; header_line_height=&#8221;1.2em&#8221; body_line_height=&#8221;2em&#8221; body_link_text_color=&#8221;#ffffff&#8221; background_layout=&#8221;dark&#8221; max_width_tablet=&#8221;50%&#8221; max_width_phone=&#8221;80%&#8221; max_width_last_edited=&#8221;on|phone&#8221; custom_margin=&#8221;||0px||false|false&#8221; body_font_size_phone=&#8221;16px&#8221; body_font_size_last_edited=&#8221;on|phone&#8221; body_link_text_color__hover_enabled=&#8221;off|hover&#8221; body_link_text_color__hover=&#8221;#f6ae2d&#8221;] Tamemes No. 52, [&hellip;]<\/p>","protected":false},"author":1,"featured_media":0,"parent":0,"menu_order":4,"comment_status":"closed","ping_status":"closed","template":"","meta":{"_et_pb_use_builder":"on","_et_pb_old_content":"<!-- wp:divi\/placeholder \/-->","_et_gb_content_width":"","footnotes":""},"_links":{"self":[{"href":"https:\/\/marga.mx\/en\/wp-json\/wp\/v2\/pages\/31"}],"collection":[{"href":"https:\/\/marga.mx\/en\/wp-json\/wp\/v2\/pages"}],"about":[{"href":"https:\/\/marga.mx\/en\/wp-json\/wp\/v2\/types\/page"}],"author":[{"embeddable":true,"href":"https:\/\/marga.mx\/en\/wp-json\/wp\/v2\/users\/1"}],"replies":[{"embeddable":true,"href":"https:\/\/marga.mx\/en\/wp-json\/wp\/v2\/comments?post=31"}],"version-history":[{"count":1,"href":"https:\/\/marga.mx\/en\/wp-json\/wp\/v2\/pages\/31\/revisions"}],"predecessor-version":[{"id":4408,"href":"https:\/\/marga.mx\/en\/wp-json\/wp\/v2\/pages\/31\/revisions\/4408"}],"wp:attachment":[{"href":"https:\/\/marga.mx\/en\/wp-json\/wp\/v2\/media?parent=31"}],"curies":[{"name":"wp","href":"https:\/\/api.w.org\/{rel}","templated":true}]}}